{"id":7719,"date":"2025-11-21T10:47:17","date_gmt":"2025-11-21T15:47:17","guid":{"rendered":"https:\/\/www.diegorozo.com\/?page_id=7719"},"modified":"2026-03-13T15:35:54","modified_gmt":"2026-03-13T20:35:54","slug":"modelo-pedagogico","status":"publish","type":"page","link":"https:\/\/www.diegorozo.com\/index.php\/modelo-pedagogico\/","title":{"rendered":"Modelo Pedag\u00f3gico"},"content":{"rendered":"\t\t<div data-elementor-type=\"wp-page\" data-elementor-id=\"7719\" class=\"elementor elementor-7719\" data-elementor-post-type=\"page\">\n\t\t\t\t<div class=\"elementor-element elementor-element-910950f e-flex e-con-boxed e-con e-parent\" data-id=\"910950f\" data-element_type=\"container\" data-e-type=\"container\" data-settings=\"{&quot;background_background&quot;:&quot;classic&quot;}\">\n\t\t\t\t\t<div class=\"e-con-inner\">\n\t\t<div class=\"elementor-element elementor-element-4286fc5 e-con-full e-flex e-con e-child\" data-id=\"4286fc5\" data-element_type=\"container\" data-e-type=\"container\" data-settings=\"{&quot;background_background&quot;:&quot;classic&quot;}\">\n\t\t\t\t<\/div>\n\t\t<div class=\"elementor-element elementor-element-a642bcd e-con-full e-flex e-con e-child\" data-id=\"a642bcd\" data-element_type=\"container\" data-e-type=\"container\">\n\t\t\t\t<div class=\"elementor-element elementor-element-2f657bc elementor-widget elementor-widget-heading\" data-id=\"2f657bc\" data-element_type=\"widget\" data-e-type=\"widget\" data-widget_type=\"heading.default\">\n\t\t\t\t\t<h2 class=\"elementor-heading-title elementor-size-default\">MODELO PEDAG\u00d3GICO<\/h2>\t\t\t\t<\/div>\n\t\t<div class=\"elementor-element elementor-element-c60e11e e-con-full e-flex e-con e-child\" data-id=\"c60e11e\" data-element_type=\"container\" data-e-type=\"container\" data-settings=\"{&quot;background_background&quot;:&quot;classic&quot;}\">\n\t\t\t\t<div class=\"elementor-element elementor-element-4f8d35c elementor-widget elementor-widget-text-editor\" data-id=\"4f8d35c\" data-element_type=\"widget\" data-e-type=\"widget\" data-widget_type=\"text-editor.default\">\n\t\t\t\t\t\t\t\t\t<p><i><span style=\"font-weight: 400;\">\u201cNuestro modelo pedag\u00f3gico promueve una ense\u00f1anza y un aprendizaje personalizados, en un espacio de encuentro para la investigaci\u00f3n, la reflexi\u00f3n y la construcci\u00f3n conjunta del conocimiento\u201c<\/span><\/i><\/p>\t\t\t\t\t\t\t\t<\/div>\n\t\t\t\t<\/div>\n\t\t\t\t<\/div>\n\t\t\t\t\t<\/div>\n\t\t\t\t<\/div>\n\t\t<div class=\"elementor-element elementor-element-d8a8f69 e-con-full e-flex e-con e-parent\" data-id=\"d8a8f69\" data-element_type=\"container\" data-e-type=\"container\" data-settings=\"{&quot;background_background&quot;:&quot;classic&quot;}\">\n\t\t<div class=\"elementor-element elementor-element-3d43db2 e-flex e-con-boxed e-con e-child\" data-id=\"3d43db2\" data-element_type=\"container\" data-e-type=\"container\">\n\t\t\t\t\t<div class=\"e-con-inner\">\n\t\t<div class=\"elementor-element elementor-element-d2cabcc e-con-full e-flex e-con e-child\" data-id=\"d2cabcc\" data-element_type=\"container\" data-e-type=\"container\">\n\t\t\t\t<div class=\"elementor-element elementor-element-ca13969 elementor-widget elementor-widget-heading\" data-id=\"ca13969\" data-element_type=\"widget\" data-e-type=\"widget\" data-widget_type=\"heading.default\">\n\t\t\t\t\t<h2 class=\"elementor-heading-title elementor-size-default\">NUESTROS PROGRAMAS<\/h2>\t\t\t\t<\/div>\n\t\t\t\t<\/div>\n\t\t\t\t<div class=\"elementor-element elementor-element-8383ce9 elementor-widget elementor-widget-text-editor\" data-id=\"8383ce9\" data-element_type=\"widget\" data-e-type=\"widget\" data-widget_type=\"text-editor.default\">\n\t\t\t\t\t\t\t\t\t<p><span style=\"font-weight: 400;\">\u00a0Enfocados en fomentar la educaci\u00f3n inclusiva,<strong> contribuyendo al <\/strong><strong>desarrollo<\/strong> <strong>social e integral.<\/strong><\/span><\/p>\t\t\t\t\t\t\t\t<\/div>\n\t\t\t\t\t<\/div>\n\t\t\t\t<\/div>\n\t\t\t\t<\/div>\n\t\t<div class=\"elementor-element elementor-element-bfc57ef e-flex e-con-boxed e-con e-parent\" data-id=\"bfc57ef\" data-element_type=\"container\" data-e-type=\"container\" data-settings=\"{&quot;background_background&quot;:&quot;classic&quot;}\">\n\t\t\t\t\t<div class=\"e-con-inner\">\n\t\t<div class=\"elementor-element elementor-element-3195fef e-con-full e-grid e-con e-child\" data-id=\"3195fef\" data-element_type=\"container\" data-e-type=\"container\">\n\t\t\t\t<div class=\"elementor-element elementor-element-08c98cf elementor-widget elementor-widget-image\" data-id=\"08c98cf\" data-element_type=\"widget\" data-e-type=\"widget\" data-widget_type=\"image.default\">\n\t\t\t\t\t\t\t\t\t\t\t\t\t\t\t<img decoding=\"async\" src=\"https:\/\/www.diegorozo.com\/wp-content\/plugins\/elementor\/assets\/images\/placeholder.png\" title=\"\" alt=\"\" loading=\"lazy\" \/>\t\t\t\t\t\t\t\t\t\t\t\t\t\t\t<\/div>\n\t\t<div class=\"elementor-element elementor-element-74420df e-con-full e-flex e-con e-child\" data-id=\"74420df\" data-element_type=\"container\" data-e-type=\"container\">\n\t\t<div class=\"elementor-element elementor-element-f86a365 e-flex e-con-boxed e-con e-child\" data-id=\"f86a365\" data-element_type=\"container\" data-e-type=\"container\">\n\t\t\t\t\t<div class=\"e-con-inner\">\n\t\t<div class=\"elementor-element elementor-element-0fb8ff8 e-con-full e-flex e-con e-child\" data-id=\"0fb8ff8\" data-element_type=\"container\" data-e-type=\"container\">\n\t\t\t\t<div class=\"elementor-element elementor-element-aada3ec elementor-widget elementor-widget-text-editor\" data-id=\"aada3ec\" data-element_type=\"widget\" data-e-type=\"widget\" data-widget_type=\"text-editor.default\">\n\t\t\t\t\t\t\t\t\t<p>Programa<\/p>\t\t\t\t\t\t\t\t<\/div>\n\t\t\t\t<\/div>\n\t\t\t\t<div class=\"elementor-element elementor-element-37d25dd elementor-widget elementor-widget-heading\" data-id=\"37d25dd\" data-element_type=\"widget\" data-e-type=\"widget\" data-widget_type=\"heading.default\">\n\t\t\t\t\t<h1 class=\"elementor-heading-title elementor-size-default\">SER<\/h1>\t\t\t\t<\/div>\n\t\t\t\t<div class=\"elementor-element elementor-element-b04ddc9 elementor-widget elementor-widget-text-editor\" data-id=\"b04ddc9\" data-element_type=\"widget\" data-e-type=\"widget\" data-widget_type=\"text-editor.default\">\n\t\t\t\t\t\t\t\t\t<p><span style=\"font-weight: 400;\">Proyecto educativo especializado no formal, formulado bajo el enfoque de Dise\u00f1o Universal para el Aprendizaje (DUA), que promueve el desarrollo integral de ni\u00f1os, adolescentes y adultos con discapacidad.\u00a0<\/span><\/p><p>Este proyecto se adapta a los perfiles de funcionamiento individual de ni\u00f1os, ni\u00f1as, adolescentes\u00a0 y adultos con discapacidad y enfermedades cr\u00f3nicas, y se desarrolla a trav\u00e9s de componentes pedag\u00f3gicos como el arte, la literatura, el juego y la exploraci\u00f3n del entorno.<\/p>\t\t\t\t\t\t\t\t<\/div>\n\t\t\t\t<div class=\"elementor-element elementor-element-676cbdc elementor-widget elementor-widget-button\" data-id=\"676cbdc\" data-element_type=\"widget\" data-e-type=\"widget\" data-widget_type=\"button.default\">\n\t\t\t\t\t\t\t\t\t\t<a class=\"elementor-button elementor-button-link elementor-size-sm\" href=\"#\">\n\t\t\t\t\t\t<span class=\"elementor-button-content-wrapper\">\n\t\t\t\t\t\t\t\t\t<span class=\"elementor-button-text\">Leer m\u00e1s<\/span>\n\t\t\t\t\t<\/span>\n\t\t\t\t\t<\/a>\n\t\t\t\t\t\t\t\t<\/div>\n\t\t\t\t\t<\/div>\n\t\t\t\t<\/div>\n\t\t\t\t<\/div>\n\t\t\t\t<\/div>\n\t\t\t\t\t<\/div>\n\t\t\t\t<\/div>\n\t\t<div class=\"elementor-element elementor-element-26fea66 e-con-full e-flex e-con e-parent\" data-id=\"26fea66\" data-element_type=\"container\" data-e-type=\"container\" data-settings=\"{&quot;background_background&quot;:&quot;classic&quot;}\">\n\t\t<div class=\"elementor-element elementor-element-9a058bc e-con-full e-flex e-con e-child\" data-id=\"9a058bc\" data-element_type=\"container\" data-e-type=\"container\" data-settings=\"{&quot;background_background&quot;:&quot;classic&quot;}\">\n\t\t\t\t<div class=\"elementor-element elementor-element-f6690f0 elementor-widget-divider--view-line elementor-widget elementor-widget-divider\" data-id=\"f6690f0\" data-element_type=\"widget\" data-e-type=\"widget\" data-widget_type=\"divider.default\">\n\t\t\t\t\t\t\t<div class=\"elementor-divider\">\n\t\t\t<span class=\"elementor-divider-separator\">\n\t\t\t\t\t\t<\/span>\n\t\t<\/div>\n\t\t\t\t\t\t<\/div>\n\t\t\t\t<\/div>\n\t\t\t\t<\/div>\n\t\t<div class=\"elementor-element elementor-element-5aab661 e-flex e-con-boxed e-con e-parent\" data-id=\"5aab661\" data-element_type=\"container\" data-e-type=\"container\" data-settings=\"{&quot;background_background&quot;:&quot;classic&quot;}\">\n\t\t\t\t\t<div class=\"e-con-inner\">\n\t\t<div class=\"elementor-element elementor-element-c40e805 e-con-full e-grid e-con e-child\" data-id=\"c40e805\" data-element_type=\"container\" data-e-type=\"container\">\n\t\t\t\t<div class=\"elementor-element elementor-element-367cdf6 elementor-widget elementor-widget-image\" data-id=\"367cdf6\" data-element_type=\"widget\" data-e-type=\"widget\" data-widget_type=\"image.default\">\n\t\t\t\t\t\t\t\t\t\t\t\t\t\t\t<img decoding=\"async\" src=\"https:\/\/www.diegorozo.com\/wp-content\/plugins\/elementor\/assets\/images\/placeholder.png\" title=\"\" alt=\"\" loading=\"lazy\" \/>\t\t\t\t\t\t\t\t\t\t\t\t\t\t\t<\/div>\n\t\t<div class=\"elementor-element elementor-element-05710c1 e-con-full e-flex e-con e-child\" data-id=\"05710c1\" data-element_type=\"container\" data-e-type=\"container\">\n\t\t<div class=\"elementor-element elementor-element-b440383 e-flex e-con-boxed e-con e-child\" data-id=\"b440383\" data-element_type=\"container\" data-e-type=\"container\">\n\t\t\t\t\t<div class=\"e-con-inner\">\n\t\t<div class=\"elementor-element elementor-element-f080f19 e-con-full e-flex e-con e-child\" data-id=\"f080f19\" data-element_type=\"container\" data-e-type=\"container\">\n\t\t\t\t<div class=\"elementor-element elementor-element-66e8f93 elementor-widget elementor-widget-text-editor\" data-id=\"66e8f93\" data-element_type=\"widget\" data-e-type=\"widget\" data-widget_type=\"text-editor.default\">\n\t\t\t\t\t\t\t\t\t<p>Programa<\/p>\t\t\t\t\t\t\t\t<\/div>\n\t\t\t\t<\/div>\n\t\t\t\t<div class=\"elementor-element elementor-element-761b61f elementor-widget elementor-widget-heading\" data-id=\"761b61f\" data-element_type=\"widget\" data-e-type=\"widget\" data-widget_type=\"heading.default\">\n\t\t\t\t\t<h1 class=\"elementor-heading-title elementor-size-default\">VIDA<\/h1>\t\t\t\t<\/div>\n\t\t\t\t<div class=\"elementor-element elementor-element-3538778 elementor-widget elementor-widget-text-editor\" data-id=\"3538778\" data-element_type=\"widget\" data-e-type=\"widget\" data-widget_type=\"text-editor.default\">\n\t\t\t\t\t\t\t\t\t<p><span style=\"font-weight: 400;\">Programa desarrollado en alianza con la Fundaci\u00f3n Proyecto Uni\u00f3n que brinda un acompa\u00f1amiento multidisciplinario para garantizar el acceso oportuno a servicios de salud y apoyo especializado, promoviendo el desarrollo integral de ni\u00f1os, adolescentes y adultos.<br \/><br \/>Brinda paralelamente apoyo a sus familias y cuidadores, fortaleciendo sus herramientas de cuidado y autocuidado, con el objetivo de reducir el abandono y mejorar la calidad de vida de las personas con discapacidad o condiciones del neurodesarrollo.<br \/><br \/>Este programa facilita la conexi\u00f3n con especialistas cuando existen barreras en el acceso a citas a trav\u00e9s de la EPS, asegurando un enfoque de bienestar y derechos.<\/span><span style=\"font-weight: 400;\"><br \/><\/span><\/p>\t\t\t\t\t\t\t\t<\/div>\n\t\t\t\t<div class=\"elementor-element elementor-element-838df89 elementor-widget elementor-widget-button\" data-id=\"838df89\" data-element_type=\"widget\" data-e-type=\"widget\" data-widget_type=\"button.default\">\n\t\t\t\t\t\t\t\t\t\t<a class=\"elementor-button elementor-button-link elementor-size-sm\" href=\"#\">\n\t\t\t\t\t\t<span class=\"elementor-button-content-wrapper\">\n\t\t\t\t\t\t\t\t\t<span class=\"elementor-button-text\">Leer m\u00e1s<\/span>\n\t\t\t\t\t<\/span>\n\t\t\t\t\t<\/a>\n\t\t\t\t\t\t\t\t<\/div>\n\t\t\t\t\t<\/div>\n\t\t\t\t<\/div>\n\t\t\t\t<\/div>\n\t\t\t\t<\/div>\n\t\t\t\t\t<\/div>\n\t\t\t\t<\/div>\n\t\t<div class=\"elementor-element elementor-element-567b58e e-con-full e-flex e-con e-parent\" data-id=\"567b58e\" data-element_type=\"container\" data-e-type=\"container\" data-settings=\"{&quot;background_background&quot;:&quot;classic&quot;}\">\n\t\t\t\t<div class=\"elementor-element elementor-element-9443a8b elementor-widget-divider--view-line elementor-widget elementor-widget-divider\" data-id=\"9443a8b\" data-element_type=\"widget\" data-e-type=\"widget\" data-widget_type=\"divider.default\">\n\t\t\t\t\t\t\t<div class=\"elementor-divider\">\n\t\t\t<span class=\"elementor-divider-separator\">\n\t\t\t\t\t\t<\/span>\n\t\t<\/div>\n\t\t\t\t\t\t<\/div>\n\t\t\t\t<\/div>\n\t\t<div class=\"elementor-element elementor-element-ab0ba00 e-flex e-con-boxed e-con e-parent\" data-id=\"ab0ba00\" data-element_type=\"container\" data-e-type=\"container\" data-settings=\"{&quot;background_background&quot;:&quot;classic&quot;}\">\n\t\t\t\t\t<div class=\"e-con-inner\">\n\t\t<div class=\"elementor-element elementor-element-1c2b2b4 e-con-full e-grid e-con e-child\" data-id=\"1c2b2b4\" data-element_type=\"container\" data-e-type=\"container\">\n\t\t\t\t<div class=\"elementor-element elementor-element-e33ed91 elementor-widget elementor-widget-image\" data-id=\"e33ed91\" data-element_type=\"widget\" data-e-type=\"widget\" data-widget_type=\"image.default\">\n\t\t\t\t\t\t\t\t\t\t\t\t\t\t\t<img decoding=\"async\" src=\"https:\/\/www.diegorozo.com\/wp-content\/plugins\/elementor\/assets\/images\/placeholder.png\" title=\"\" alt=\"\" loading=\"lazy\" \/>\t\t\t\t\t\t\t\t\t\t\t\t\t\t\t<\/div>\n\t\t<div class=\"elementor-element elementor-element-3d80c10 e-con-full e-flex e-con e-child\" data-id=\"3d80c10\" data-element_type=\"container\" data-e-type=\"container\">\n\t\t<div class=\"elementor-element elementor-element-d9547ef e-flex e-con-boxed e-con e-child\" data-id=\"d9547ef\" data-element_type=\"container\" data-e-type=\"container\">\n\t\t\t\t\t<div class=\"e-con-inner\">\n\t\t<div class=\"elementor-element elementor-element-75cba62 e-con-full e-flex e-con e-child\" data-id=\"75cba62\" data-element_type=\"container\" data-e-type=\"container\">\n\t\t\t\t<div class=\"elementor-element elementor-element-c0fe82d elementor-widget elementor-widget-text-editor\" data-id=\"c0fe82d\" data-element_type=\"widget\" data-e-type=\"widget\" data-widget_type=\"text-editor.default\">\n\t\t\t\t\t\t\t\t\t<p>Programa<\/p>\t\t\t\t\t\t\t\t<\/div>\n\t\t\t\t<\/div>\n\t\t\t\t<div class=\"elementor-element elementor-element-1850256 elementor-widget elementor-widget-heading\" data-id=\"1850256\" data-element_type=\"widget\" data-e-type=\"widget\" data-widget_type=\"heading.default\">\n\t\t\t\t\t<h1 class=\"elementor-heading-title elementor-size-default\">CUIDADO D\u00cdA<\/h1>\t\t\t\t<\/div>\n\t\t\t\t<div class=\"elementor-element elementor-element-8f5e013 elementor-widget elementor-widget-text-editor\" data-id=\"8f5e013\" data-element_type=\"widget\" data-e-type=\"widget\" data-widget_type=\"text-editor.default\">\n\t\t\t\t\t\t\t\t\t<p><span style=\"font-weight: 400;\">En colaboraci\u00f3n con la Fundaci\u00f3n Proyecto Uni\u00f3n, se ha establecido un espacio de atenci\u00f3n diurna destinado a personas con discapacidad y enfermedades cr\u00f3nicas complejas en situaci\u00f3n de riesgo social. Este programa ofrece un acompa\u00f1amiento multidisciplinario que garantiza un cuidado integral y de calidad, proporcionando una estancia diurna segura, inclusiva y especializada. Adem\u00e1s de prevenir el abandono, la iniciativa busca reducir la feminizaci\u00f3n del cuidado al brindar a los cuidadores, principalmente mujeres, el tiempo y apoyo necesarios para acceder a oportunidades laborales y mejorar su estabilidad econ\u00f3mica, fortaleciendo as\u00ed la autonom\u00eda y sostenibilidad de sus familias.<\/span><span style=\"font-weight: 400;\"><br \/><\/span><\/p>\t\t\t\t\t\t\t\t<\/div>\n\t\t\t\t<div class=\"elementor-element elementor-element-03c13a8 elementor-widget elementor-widget-button\" data-id=\"03c13a8\" data-element_type=\"widget\" data-e-type=\"widget\" data-widget_type=\"button.default\">\n\t\t\t\t\t\t\t\t\t\t<a class=\"elementor-button elementor-button-link elementor-size-sm\" href=\"#\">\n\t\t\t\t\t\t<span class=\"elementor-button-content-wrapper\">\n\t\t\t\t\t\t\t\t\t<span class=\"elementor-button-text\">Leer m\u00e1s<\/span>\n\t\t\t\t\t<\/span>\n\t\t\t\t\t<\/a>\n\t\t\t\t\t\t\t\t<\/div>\n\t\t\t\t\t<\/div>\n\t\t\t\t<\/div>\n\t\t\t\t<\/div>\n\t\t\t\t<\/div>\n\t\t\t\t\t<\/div>\n\t\t\t\t<\/div>\n\t\t<div class=\"elementor-element elementor-element-8b4c33d e-con-full e-flex e-con e-parent\" data-id=\"8b4c33d\" data-element_type=\"container\" data-e-type=\"container\" data-settings=\"{&quot;background_background&quot;:&quot;classic&quot;}\">\n\t\t\t\t<div class=\"elementor-element elementor-element-f96826f elementor-widget-divider--view-line elementor-widget elementor-widget-divider\" data-id=\"f96826f\" data-element_type=\"widget\" data-e-type=\"widget\" data-widget_type=\"divider.default\">\n\t\t\t\t\t\t\t<div class=\"elementor-divider\">\n\t\t\t<span class=\"elementor-divider-separator\">\n\t\t\t\t\t\t<\/span>\n\t\t<\/div>\n\t\t\t\t\t\t<\/div>\n\t\t\t\t<\/div>\n\t\t<div class=\"elementor-element elementor-element-1814b16 e-flex e-con-boxed e-con e-parent\" data-id=\"1814b16\" data-element_type=\"container\" data-e-type=\"container\" data-settings=\"{&quot;background_background&quot;:&quot;classic&quot;}\">\n\t\t\t\t\t<div class=\"e-con-inner\">\n\t\t<div class=\"elementor-element elementor-element-9fdfa25 e-con-full e-grid e-con e-child\" data-id=\"9fdfa25\" data-element_type=\"container\" data-e-type=\"container\">\n\t\t\t\t<div class=\"elementor-element elementor-element-69f897b elementor-widget elementor-widget-image\" data-id=\"69f897b\" data-element_type=\"widget\" data-e-type=\"widget\" data-widget_type=\"image.default\">\n\t\t\t\t\t\t\t\t\t\t\t\t\t\t\t<img decoding=\"async\" src=\"https:\/\/www.diegorozo.com\/wp-content\/plugins\/elementor\/assets\/images\/placeholder.png\" title=\"\" alt=\"\" loading=\"lazy\" \/>\t\t\t\t\t\t\t\t\t\t\t\t\t\t\t<\/div>\n\t\t<div class=\"elementor-element elementor-element-13a6657 e-con-full e-flex e-con e-child\" data-id=\"13a6657\" data-element_type=\"container\" data-e-type=\"container\">\n\t\t<div class=\"elementor-element elementor-element-efa6d49 e-flex e-con-boxed e-con e-child\" data-id=\"efa6d49\" data-element_type=\"container\" data-e-type=\"container\">\n\t\t\t\t\t<div class=\"e-con-inner\">\n\t\t<div class=\"elementor-element elementor-element-12825f5 e-con-full e-flex e-con e-child\" data-id=\"12825f5\" data-element_type=\"container\" data-e-type=\"container\">\n\t\t\t\t<div class=\"elementor-element elementor-element-bc96dd1 elementor-widget elementor-widget-text-editor\" data-id=\"bc96dd1\" data-element_type=\"widget\" data-e-type=\"widget\" data-widget_type=\"text-editor.default\">\n\t\t\t\t\t\t\t\t\t<p>Programa<\/p>\t\t\t\t\t\t\t\t<\/div>\n\t\t\t\t<\/div>\n\t\t\t\t<div class=\"elementor-element elementor-element-238522e elementor-widget elementor-widget-heading\" data-id=\"238522e\" data-element_type=\"widget\" data-e-type=\"widget\" data-widget_type=\"heading.default\">\n\t\t\t\t\t<h1 class=\"elementor-heading-title elementor-size-default\">CASA PEDAG\u00d3GICA<\/h1>\t\t\t\t<\/div>\n\t\t\t\t<div class=\"elementor-element elementor-element-401cd3c elementor-widget elementor-widget-text-editor\" data-id=\"401cd3c\" data-element_type=\"widget\" data-e-type=\"widget\" data-widget_type=\"text-editor.default\">\n\t\t\t\t\t\t\t\t\t<p><span style=\"font-weight: 400;\">Programa de acompa\u00f1amiento pedag\u00f3gico en casa para ni\u00f1os, ni\u00f1as, adolescentes y adultos inscritos en instituciones educativas con proyectos inclusivos. A trav\u00e9s del Dise\u00f1o Universal para el Aprendizaje (DUA) y estrategias adaptadas a sus necesidades, facilitamos su permanencia y \u00e9xito, promoviendo una educaci\u00f3n verdaderamente inclusiva.<\/span><\/p>\t\t\t\t\t\t\t\t<\/div>\n\t\t\t\t<div class=\"elementor-element elementor-element-8f76671 elementor-widget elementor-widget-button\" data-id=\"8f76671\" data-element_type=\"widget\" data-e-type=\"widget\" data-widget_type=\"button.default\">\n\t\t\t\t\t\t\t\t\t\t<a class=\"elementor-button elementor-button-link elementor-size-sm\" href=\"#\">\n\t\t\t\t\t\t<span class=\"elementor-button-content-wrapper\">\n\t\t\t\t\t\t\t\t\t<span class=\"elementor-button-text\">Leer m\u00e1s<\/span>\n\t\t\t\t\t<\/span>\n\t\t\t\t\t<\/a>\n\t\t\t\t\t\t\t\t<\/div>\n\t\t\t\t\t<\/div>\n\t\t\t\t<\/div>\n\t\t\t\t<\/div>\n\t\t\t\t<\/div>\n\t\t\t\t\t<\/div>\n\t\t\t\t<\/div>\n\t\t<div class=\"elementor-element elementor-element-1826c05 e-flex e-con-boxed e-con e-parent\" data-id=\"1826c05\" data-element_type=\"container\" data-e-type=\"container\" data-settings=\"{&quot;background_background&quot;:&quot;classic&quot;}\">\n\t\t\t\t\t<div class=\"e-con-inner\">\n\t\t\t\t\t<\/div>\n\t\t\t\t<\/div>\n\t\t\t\t<\/div>\n\t\t<div class=\"sharing-default-minimal post-bottom\"><div class=\"nectar-social default\" data-position=\"\" data-rm-love=\"0\" data-color-override=\"override\"><div class=\"nectar-social-inner\"><a href=\"#\" class=\"nectar-love\" id=\"nectar-love-7719\" title=\"Love this\"> <i class=\"icon-salient-heart-2\"><\/i><span class=\"love-text\">Love<\/span><span class=\"total_loves\"><span class=\"nectar-love-count\">0<\/span><\/span><\/a><a class='facebook-share nectar-sharing' href='#' title='Share this'> <i class='fa fa-facebook'><\/i> <span class='social-text'>Share<\/span> <\/a><a class='twitter-share nectar-sharing' href='#' title='Share this'> <i class='fa icon-salient-x-twitter'><\/i> <span class='social-text'>Share<\/span> <\/a><a class='linkedin-share nectar-sharing' href='#' title='Share this'> <i class='fa fa-linkedin'><\/i> <span class='social-text'>Share<\/span> <\/a><a class='pinterest-share nectar-sharing' href='#' title='Pin this'> <i class='fa fa-pinterest'><\/i> <span class='social-text'>Pin<\/span> <\/a><\/div><\/div><\/div>","protected":false},"excerpt":{"rendered":"<p>MODELO PEDAG\u00d3GICO \u201cNuestro modelo pedag\u00f3gico promueve una ense\u00f1anza y un aprendizaje personalizados, en un espacio de encuentro para la investigaci\u00f3n, la reflexi\u00f3n y la construcci\u00f3n conjunta del conocimiento\u201c NUESTROS PROGRAMAS \u00a0Enfocados en fomentar la educaci\u00f3n inclusiva, contribuyendo al desarrollo social e integral. Programa SER Proyecto educativo especializado no formal, formulado bajo el enfoque de Dise\u00f1o &hellip; <\/p>\n<p class=\"link-more\"><a href=\"https:\/\/www.diegorozo.com\/index.php\/modelo-pedagogico\/\" class=\"more-link\">Leer m\u00e1s<span class=\"screen-reader-text\"> \u00abModelo Pedag\u00f3gico\u00bb<\/span><\/a><\/p>\n","protected":false},"author":1,"featured_media":0,"parent":0,"menu_order":0,"comment_status":"closed","ping_status":"closed","template":"page-templates\/full-width-transparent.php","meta":{"inspiro_hide_title":false,"footnotes":""},"class_list":["post-7719","page","type-page","status-publish","hentry"],"featured_media_urls":[],"_links":{"self":[{"href":"https:\/\/www.diegorozo.com\/index.php\/wp-json\/wp\/v2\/pages\/7719","targetHints":{"allow":["GET"]}}],"collection":[{"href":"https:\/\/www.diegorozo.com\/index.php\/wp-json\/wp\/v2\/pages"}],"about":[{"href":"https:\/\/www.diegorozo.com\/index.php\/wp-json\/wp\/v2\/types\/page"}],"author":[{"embeddable":true,"href":"https:\/\/www.diegorozo.com\/index.php\/wp-json\/wp\/v2\/users\/1"}],"replies":[{"embeddable":true,"href":"https:\/\/www.diegorozo.com\/index.php\/wp-json\/wp\/v2\/comments?post=7719"}],"version-history":[{"count":337,"href":"https:\/\/www.diegorozo.com\/index.php\/wp-json\/wp\/v2\/pages\/7719\/revisions"}],"predecessor-version":[{"id":11925,"href":"https:\/\/www.diegorozo.com\/index.php\/wp-json\/wp\/v2\/pages\/7719\/revisions\/11925"}],"wp:attachment":[{"href":"https:\/\/www.diegorozo.com\/index.php\/wp-json\/wp\/v2\/media?parent=7719"}],"curies":[{"name":"wp","href":"https:\/\/api.w.org\/{rel}","templated":true}]}}